{"id":8,"date":"2023-04-07T08:47:42","date_gmt":"2023-04-07T08:47:42","guid":{"rendered":"https:\/\/demosites.royal-elementor-addons.com\/digitalagency-v3\/?page_id=8"},"modified":"2025-07-20T23:55:33","modified_gmt":"2025-07-20T23:55:33","slug":"about","status":"publish","type":"page","link":"https:\/\/www.dnzexpress.com\/index.php\/about\/","title":{"rendered":"About"},"content":{"rendered":"\t\t<div data-elementor-type=\"wp-page\" data-elementor-id=\"8\" class=\"elementor elementor-8\">\n\t\t\t\t\t\t<section class=\"elementor-section elementor-top-section elementor-element elementor-element-b9f00de elementor-section-boxed elementor-section-height-default elementor-section-height-default wpr-particle-no wpr-jarallax-no wpr-parallax-no wpr-sticky-section-no wpr-equal-height-no\" data-id=\"b9f00de\" data-element_type=\"section\" data-e-type=\"section\">\n\t\t\t\t\t\t<div class=\"elementor-container elementor-column-gap-wide\">\n\t\t\t\t\t<div class=\"elementor-column elementor-col-50 elementor-top-column elementor-element elementor-element-a58d46a elementor-hidden-tablet elementor-hidden-mobile\" data-id=\"a58d46a\" data-element_type=\"column\" data-e-type=\"column\">\n\t\t\t<div class=\"elementor-widget-wrap elementor-element-populated\">\n\t\t\t\t\t\t<div class=\"elementor-element elementor-element-fad9fdc elementor-widget elementor-widget-image\" data-id=\"fad9fdc\" data-element_type=\"widget\" data-e-type=\"widget\" data-widget_type=\"image.default\">\n\t\t\t\t\t\t\t\t\t\t\t\t\t\t\t<img decoding=\"async\" width=\"300\" height=\"100\" src=\"https:\/\/www.dnzexpress.com\/wp-content\/uploads\/2025\/07\/LOGO-DNZ.png\" class=\"attachment-large size-large wp-image-1207\" alt=\"\" \/>\t\t\t\t\t\t\t\t\t\t\t\t\t\t\t<\/div>\n\t\t\t\t\t<\/div>\n\t\t<\/div>\n\t\t\t\t<div class=\"elementor-column elementor-col-50 elementor-top-column elementor-element elementor-element-1c52b68\" data-id=\"1c52b68\" data-element_type=\"column\" data-e-type=\"column\">\n\t\t\t<div class=\"elementor-widget-wrap elementor-element-populated\">\n\t\t\t\t\t\t<div class=\"elementor-element elementor-element-c6e2364 elementor-widget elementor-widget-heading\" data-id=\"c6e2364\" data-element_type=\"widget\" data-e-type=\"widget\" data-widget_type=\"heading.default\">\n\t\t\t\t\t<h2 class=\"elementor-heading-title elementor-size-default\">Hakk\u0131m\u0131zda<\/h2>\t\t\t\t<\/div>\n\t\t\t\t<div class=\"elementor-element elementor-element-92a32c9 elementor-widget elementor-widget-heading\" data-id=\"92a32c9\" data-element_type=\"widget\" data-e-type=\"widget\" data-widget_type=\"heading.default\">\n\t\t\t\t\t<h2 class=\"elementor-heading-title elementor-size-default\">Biz Kimiz?\n<\/h2>\t\t\t\t<\/div>\n\t\t\t\t<div class=\"elementor-element elementor-element-d4922f0 elementor-widget elementor-widget-text-editor\" data-id=\"d4922f0\" data-element_type=\"widget\" data-e-type=\"widget\" data-widget_type=\"text-editor.default\">\n\t\t\t\t\t\t\t\t\t<h5 class=\"h2 mb-3\">Biz Kimiz?<\/h5><p class=\"lead fs-4 text-secondary mb-3\">Dnzexpress.Com olarak, m\u00fc\u015fterilerimize en kaliteli, g\u00fcvenilir ve h\u0131zl\u0131 kurye hizmetlerini sunmak i\u00e7in yola \u00e7\u0131kt\u0131k. Misyonumuz, her bir g\u00f6nderinizi g\u00fcvenli ve zaman\u0131nda teslim ederek sizlere sorunsuz bir hizmet sunmakt\u0131r.<\/p><p class=\"mb-5\">Y\u0131llar\u0131n tecr\u00fcbesi ve alan\u0131nda uzman kadromuzla, sekt\u00f6rde istikrarl\u0131 bir \u015fekilde b\u00fcy\u00fcmeye devam ediyoruz. D\u00fcr\u00fcstl\u00fck, m\u00fc\u015fteri memnuniyeti ve yenilik\u00e7ilik temel de\u011ferlerimizdir. S\u00fcrekli geli\u015fim anlay\u0131\u015f\u0131m\u0131zla hizmet kalitemizi artt\u0131r\u0131yor, m\u00fc\u015fteri beklentilerini en \u00fcst seviyede kar\u015f\u0131lamak i\u00e7in durmaks\u0131z\u0131n \u00e7al\u0131\u015f\u0131yoruz.<\/p><div class=\"row gy-4 gy-md-0 gx-xxl-5\"><div class=\"col-12 col-md-6\"><div class=\"d-flex\"><div class=\"me-4 text-primary\">\u00a0<\/div><div><h5 class=\"h4 mb-3\">Vizyonumuz<\/h5><p class=\"text-secondary mb-0\">Dnzexpress.Com olarak, sekt\u00f6r\u00fcm\u00fczde lider bir marka olmay\u0131 ve en yenilik\u00e7i kurye \u00e7\u00f6z\u00fcmlerini sunmay\u0131 hedefliyoruz. M\u00fc\u015fterilerimizin beklentilerini a\u015farak, teknolojiyi ve dijital d\u00f6n\u00fc\u015f\u00fcm\u00fc en iyi \u015fekilde entegre eden, s\u00fcrd\u00fcr\u00fclebilir ve \u00e7evre dostu bir hizmet anlay\u0131\u015f\u0131 benimsiyoruz. H\u0131zl\u0131, g\u00fcvenli ve profesyonel hizmetlerimizle, lojistik alan\u0131nda referans al\u0131nan bir \u015firket olmak i\u00e7in durmaks\u0131z\u0131n \u00e7al\u0131\u015f\u0131yoruz.<\/p><\/div><\/div><\/div><div class=\"col-12 col-md-6\"><div class=\"d-flex\"><div class=\"me-4 text-primary\">\u00a0<\/div><div><div><h5 class=\"h4 mb-3\">Misyonumuz<\/h5><p class=\"text-secondary mb-0\">Dnzexpress.Com olarak, m\u00fc\u015fterilerimize h\u0131zl\u0131, g\u00fcvenli ve profesyonel kurye hizmetleri sunmay\u0131 misyon ediniyoruz. Teknolojiyi etkin kullanarak, her g\u00f6nderinin en verimli ve g\u00fcvenli \u015fekilde ula\u015fmas\u0131n\u0131 sa\u011fl\u0131yor, m\u00fc\u015fteri memnuniyetini en \u00fcst seviyeye \u00e7\u0131karmay\u0131 hedefliyoruz. S\u00fcrekli geli\u015fim anlay\u0131\u015f\u0131m\u0131zla, sekt\u00f6rdeki en iyi uygulamalar\u0131 benimsiyor ve kaliteli hizmet anlay\u0131\u015f\u0131m\u0131zla fark yarat\u0131yoruz.<\/p><\/div><\/div><\/div><\/div><\/div>\t\t\t\t\t\t\t\t<\/div>\n\t\t\t\t<div class=\"elementor-element elementor-element-1bb694b wpr-button-icon-style-inline wpr-button-icon-position-right elementor-widget elementor-widget-wpr-button\" data-id=\"1bb694b\" data-element_type=\"widget\" data-e-type=\"widget\" data-widget_type=\"wpr-button.default\">\n\t\t\t\t\t\t\n\t\t\t\n\t\t\n\t\t<div class=\"wpr-button-wrap elementor-clearfix\">\n\t\t<a class=\"wpr-button wpr-button-effect wpr-button-none\" data-text=\"\" href=\"#link\">\n\t\t\t\n\t\t\t<span class=\"wpr-button-content\">\n\t\t\t\t\t\t\t\t\t<span class=\"wpr-button-text\">Hakk\u0131m\u0131zda<\/span>\n\t\t\t\t\t\t\t\t\n\t\t\t\t\t\t\t<\/span>\n\t\t<\/a>\n\n\t\t\t\t<\/div>\n\t\n\t\n\t\t\t\t\t<\/div>\n\t\t\t\t\t<\/div>\n\t\t<\/div>\n\t\t\t\t\t<\/div>\n\t\t<\/section>\n\t\t\t\t<\/div>\n\t\t","protected":false},"excerpt":{"rendered":"<p>Hakk\u0131m\u0131zda Biz Kimiz? Biz Kimiz? Dnzexpress.Com olarak, m\u00fc\u015fterilerimize en kaliteli, g\u00fcvenilir ve h\u0131zl\u0131 kurye hizmetlerini sunmak i\u00e7in yola \u00e7\u0131kt\u0131k. Misyonumuz, her bir g\u00f6nderinizi g\u00fcvenli ve zaman\u0131nda teslim ederek sizlere sorunsuz bir hizmet sunmakt\u0131r. Y\u0131llar\u0131n tecr\u00fcbesi ve alan\u0131nda uzman kadromuzla, sekt\u00f6rde istikrarl\u0131 bir \u015fekilde b\u00fcy\u00fcmeye devam ediyoruz. D\u00fcr\u00fcstl\u00fck, m\u00fc\u015fteri memnuniyeti ve yenilik\u00e7ilik temel de\u011ferlerimizdir. S\u00fcrekli geli\u015fim anlay\u0131\u015f\u0131m\u0131zla hizmet kalitemizi artt\u0131r\u0131yor, m\u00fc\u015fteri beklentilerini en \u00fcst seviyede kar\u015f\u0131lamak i\u00e7in durmaks\u0131z\u0131n \u00e7al\u0131\u015f\u0131yoruz. \u00a0 Vizyonumuz Dnzexpress.Com olarak, sekt\u00f6r\u00fcm\u00fczde lider bir marka olmay\u0131 ve en yenilik\u00e7i kurye \u00e7\u00f6z\u00fcmlerini sunmay\u0131 hedefliyoruz. M\u00fc\u015fterilerimizin beklentilerini a\u015farak, teknolojiyi ve dijital d\u00f6n\u00fc\u015f\u00fcm\u00fc en iyi \u015fekilde entegre eden, s\u00fcrd\u00fcr\u00fclebilir ve \u00e7evre dostu bir hizmet anlay\u0131\u015f\u0131 benimsiyoruz. H\u0131zl\u0131, g\u00fcvenli ve profesyonel hizmetlerimizle, lojistik alan\u0131nda referans al\u0131nan bir \u015firket olmak i\u00e7in durmaks\u0131z\u0131n \u00e7al\u0131\u015f\u0131yoruz. \u00a0 Misyonumuz Dnzexpress.Com olarak, m\u00fc\u015fterilerimize h\u0131zl\u0131, g\u00fcvenli ve profesyonel kurye hizmetleri sunmay\u0131 misyon ediniyoruz. Teknolojiyi etkin kullanarak, her g\u00f6nderinin en verimli ve g\u00fcvenli \u015fekilde ula\u015fmas\u0131n\u0131 sa\u011fl\u0131yor, m\u00fc\u015fteri memnuniyetini en \u00fcst seviyeye \u00e7\u0131karmay\u0131 hedefliyoruz. S\u00fcrekli geli\u015fim anlay\u0131\u015f\u0131m\u0131zla, sekt\u00f6rdeki en iyi uygulamalar\u0131 benimsiyor ve kaliteli hizmet anlay\u0131\u015f\u0131m\u0131zla fark yarat\u0131yoruz. Hakk\u0131m\u0131zda Lorem Ipsum\u00a0is simply dumy text of the printing typesetting industry lorem ipsum.<\/p>\n","protected":false},"author":1,"featured_media":0,"parent":0,"menu_order":0,"comment_status":"closed","ping_status":"closed","template":"elementor_canvas","meta":{"footnotes":""},"class_list":["post-8","page","type-page","status-publish","hentry"],"yoast_head":"<!-- This site is optimized with the Yoast SEO plugin v27.4 - https:\/\/yoast.com\/product\/yoast-seo-wordpress\/ -->\n<title>About - Dnz Express<\/title>\n<meta name=\"robots\" content=\"index, follow, max-snippet:-1, max-image-preview:large, max-video-preview:-1\" \/>\n<link rel=\"canonical\" href=\"https:\/\/www.dnzexpress.com\/index.php\/about\/\" \/>\n<meta property=\"og:locale\" content=\"tr_TR\" \/>\n<meta property=\"og:type\" content=\"article\" \/>\n<meta property=\"og:title\" content=\"About - Dnz Express\" \/>\n<meta property=\"og:description\" content=\"Hakk\u0131m\u0131zda Biz Kimiz? Biz Kimiz? Dnzexpress.Com olarak, m\u00fc\u015fterilerimize en kaliteli, g\u00fcvenilir ve h\u0131zl\u0131 kurye hizmetlerini sunmak i\u00e7in yola \u00e7\u0131kt\u0131k. Misyonumuz, her bir g\u00f6nderinizi g\u00fcvenli ve zaman\u0131nda teslim ederek sizlere sorunsuz bir hizmet sunmakt\u0131r. Y\u0131llar\u0131n tecr\u00fcbesi ve alan\u0131nda uzman kadromuzla, sekt\u00f6rde istikrarl\u0131 bir \u015fekilde b\u00fcy\u00fcmeye devam ediyoruz. D\u00fcr\u00fcstl\u00fck, m\u00fc\u015fteri memnuniyeti ve yenilik\u00e7ilik temel de\u011ferlerimizdir. S\u00fcrekli geli\u015fim anlay\u0131\u015f\u0131m\u0131zla hizmet kalitemizi artt\u0131r\u0131yor, m\u00fc\u015fteri beklentilerini en \u00fcst seviyede kar\u015f\u0131lamak i\u00e7in durmaks\u0131z\u0131n \u00e7al\u0131\u015f\u0131yoruz. \u00a0 Vizyonumuz Dnzexpress.Com olarak, sekt\u00f6r\u00fcm\u00fczde lider bir marka olmay\u0131 ve en yenilik\u00e7i kurye \u00e7\u00f6z\u00fcmlerini sunmay\u0131 hedefliyoruz. M\u00fc\u015fterilerimizin beklentilerini a\u015farak, teknolojiyi ve dijital d\u00f6n\u00fc\u015f\u00fcm\u00fc en iyi \u015fekilde entegre eden, s\u00fcrd\u00fcr\u00fclebilir ve \u00e7evre dostu bir hizmet anlay\u0131\u015f\u0131 benimsiyoruz. H\u0131zl\u0131, g\u00fcvenli ve profesyonel hizmetlerimizle, lojistik alan\u0131nda referans al\u0131nan bir \u015firket olmak i\u00e7in durmaks\u0131z\u0131n \u00e7al\u0131\u015f\u0131yoruz. \u00a0 Misyonumuz Dnzexpress.Com olarak, m\u00fc\u015fterilerimize h\u0131zl\u0131, g\u00fcvenli ve profesyonel kurye hizmetleri sunmay\u0131 misyon ediniyoruz. Teknolojiyi etkin kullanarak, her g\u00f6nderinin en verimli ve g\u00fcvenli \u015fekilde ula\u015fmas\u0131n\u0131 sa\u011fl\u0131yor, m\u00fc\u015fteri memnuniyetini en \u00fcst seviyeye \u00e7\u0131karmay\u0131 hedefliyoruz. S\u00fcrekli geli\u015fim anlay\u0131\u015f\u0131m\u0131zla, sekt\u00f6rdeki en iyi uygulamalar\u0131 benimsiyor ve kaliteli hizmet anlay\u0131\u015f\u0131m\u0131zla fark yarat\u0131yoruz. Hakk\u0131m\u0131zda Lorem Ipsum\u00a0is simply dumy text of the printing typesetting industry lorem ipsum.\" \/>\n<meta property=\"og:url\" content=\"https:\/\/www.dnzexpress.com\/index.php\/about\/\" \/>\n<meta property=\"og:site_name\" content=\"Dnz Express\" \/>\n<meta property=\"article:modified_time\" content=\"2025-07-20T23:55:33+00:00\" \/>\n<meta property=\"og:image\" content=\"http:\/\/www.dnzexpress.com\/wp-content\/uploads\/2025\/07\/LOGO-DNZ.png\" \/>\n<meta name=\"twitter:card\" content=\"summary_large_image\" \/>\n<meta name=\"twitter:label1\" content=\"Tahmini okuma s\u00fcresi\" \/>\n\t<meta name=\"twitter:data1\" content=\"1 dakika\" \/>\n<script type=\"application\/ld+json\" class=\"yoast-schema-graph\">{\"@context\":\"https:\\\/\\\/schema.org\",\"@graph\":[{\"@type\":\"WebPage\",\"@id\":\"https:\\\/\\\/www.dnzexpress.com\\\/index.php\\\/about\\\/\",\"url\":\"https:\\\/\\\/www.dnzexpress.com\\\/index.php\\\/about\\\/\",\"name\":\"About - Dnz Express\",\"isPartOf\":{\"@id\":\"https:\\\/\\\/www.dnzexpress.com\\\/#website\"},\"primaryImageOfPage\":{\"@id\":\"https:\\\/\\\/www.dnzexpress.com\\\/index.php\\\/about\\\/#primaryimage\"},\"image\":{\"@id\":\"https:\\\/\\\/www.dnzexpress.com\\\/index.php\\\/about\\\/#primaryimage\"},\"thumbnailUrl\":\"http:\\\/\\\/www.dnzexpress.com\\\/wp-content\\\/uploads\\\/2025\\\/07\\\/LOGO-DNZ.png\",\"datePublished\":\"2023-04-07T08:47:42+00:00\",\"dateModified\":\"2025-07-20T23:55:33+00:00\",\"breadcrumb\":{\"@id\":\"https:\\\/\\\/www.dnzexpress.com\\\/index.php\\\/about\\\/#breadcrumb\"},\"inLanguage\":\"tr\",\"potentialAction\":[{\"@type\":\"ReadAction\",\"target\":[\"https:\\\/\\\/www.dnzexpress.com\\\/index.php\\\/about\\\/\"]}]},{\"@type\":\"ImageObject\",\"inLanguage\":\"tr\",\"@id\":\"https:\\\/\\\/www.dnzexpress.com\\\/index.php\\\/about\\\/#primaryimage\",\"url\":\"https:\\\/\\\/www.dnzexpress.com\\\/wp-content\\\/uploads\\\/2025\\\/07\\\/LOGO-DNZ.png\",\"contentUrl\":\"https:\\\/\\\/www.dnzexpress.com\\\/wp-content\\\/uploads\\\/2025\\\/07\\\/LOGO-DNZ.png\",\"width\":300,\"height\":100},{\"@type\":\"BreadcrumbList\",\"@id\":\"https:\\\/\\\/www.dnzexpress.com\\\/index.php\\\/about\\\/#breadcrumb\",\"itemListElement\":[{\"@type\":\"ListItem\",\"position\":1,\"name\":\"Anasayfa\",\"item\":\"https:\\\/\\\/www.dnzexpress.com\\\/\"},{\"@type\":\"ListItem\",\"position\":2,\"name\":\"About\"}]},{\"@type\":\"WebSite\",\"@id\":\"https:\\\/\\\/www.dnzexpress.com\\\/#website\",\"url\":\"https:\\\/\\\/www.dnzexpress.com\\\/\",\"name\":\"Dnz Express\",\"description\":\"Dnz Express\",\"publisher\":{\"@id\":\"https:\\\/\\\/www.dnzexpress.com\\\/#organization\"},\"potentialAction\":[{\"@type\":\"SearchAction\",\"target\":{\"@type\":\"EntryPoint\",\"urlTemplate\":\"https:\\\/\\\/www.dnzexpress.com\\\/?s={search_term_string}\"},\"query-input\":{\"@type\":\"PropertyValueSpecification\",\"valueRequired\":true,\"valueName\":\"search_term_string\"}}],\"inLanguage\":\"tr\"},{\"@type\":\"Organization\",\"@id\":\"https:\\\/\\\/www.dnzexpress.com\\\/#organization\",\"name\":\"Dnz Express\",\"url\":\"https:\\\/\\\/www.dnzexpress.com\\\/\",\"logo\":{\"@type\":\"ImageObject\",\"inLanguage\":\"tr\",\"@id\":\"https:\\\/\\\/www.dnzexpress.com\\\/#\\\/schema\\\/logo\\\/image\\\/\",\"url\":\"http:\\\/\\\/www.dnzexpress.com\\\/wp-content\\\/uploads\\\/2024\\\/11\\\/kurye1.png\",\"contentUrl\":\"http:\\\/\\\/www.dnzexpress.com\\\/wp-content\\\/uploads\\\/2024\\\/11\\\/kurye1.png\",\"width\":1024,\"height\":1024,\"caption\":\"Dnz Express\"},\"image\":{\"@id\":\"https:\\\/\\\/www.dnzexpress.com\\\/#\\\/schema\\\/logo\\\/image\\\/\"},\"sameAs\":[\"https:\\\/\\\/www.instagram.com\\\/dnzexpresskurye\\\/\"]}]}<\/script>\n<!-- \/ Yoast SEO plugin. -->","yoast_head_json":{"title":"About - Dnz Express","robots":{"index":"index","follow":"follow","max-snippet":"max-snippet:-1","max-image-preview":"max-image-preview:large","max-video-preview":"max-video-preview:-1"},"canonical":"https:\/\/www.dnzexpress.com\/index.php\/about\/","og_locale":"tr_TR","og_type":"article","og_title":"About - Dnz Express","og_description":"Hakk\u0131m\u0131zda Biz Kimiz? Biz Kimiz? Dnzexpress.Com olarak, m\u00fc\u015fterilerimize en kaliteli, g\u00fcvenilir ve h\u0131zl\u0131 kurye hizmetlerini sunmak i\u00e7in yola \u00e7\u0131kt\u0131k. Misyonumuz, her bir g\u00f6nderinizi g\u00fcvenli ve zaman\u0131nda teslim ederek sizlere sorunsuz bir hizmet sunmakt\u0131r. Y\u0131llar\u0131n tecr\u00fcbesi ve alan\u0131nda uzman kadromuzla, sekt\u00f6rde istikrarl\u0131 bir \u015fekilde b\u00fcy\u00fcmeye devam ediyoruz. D\u00fcr\u00fcstl\u00fck, m\u00fc\u015fteri memnuniyeti ve yenilik\u00e7ilik temel de\u011ferlerimizdir. S\u00fcrekli geli\u015fim anlay\u0131\u015f\u0131m\u0131zla hizmet kalitemizi artt\u0131r\u0131yor, m\u00fc\u015fteri beklentilerini en \u00fcst seviyede kar\u015f\u0131lamak i\u00e7in durmaks\u0131z\u0131n \u00e7al\u0131\u015f\u0131yoruz. \u00a0 Vizyonumuz Dnzexpress.Com olarak, sekt\u00f6r\u00fcm\u00fczde lider bir marka olmay\u0131 ve en yenilik\u00e7i kurye \u00e7\u00f6z\u00fcmlerini sunmay\u0131 hedefliyoruz. M\u00fc\u015fterilerimizin beklentilerini a\u015farak, teknolojiyi ve dijital d\u00f6n\u00fc\u015f\u00fcm\u00fc en iyi \u015fekilde entegre eden, s\u00fcrd\u00fcr\u00fclebilir ve \u00e7evre dostu bir hizmet anlay\u0131\u015f\u0131 benimsiyoruz. H\u0131zl\u0131, g\u00fcvenli ve profesyonel hizmetlerimizle, lojistik alan\u0131nda referans al\u0131nan bir \u015firket olmak i\u00e7in durmaks\u0131z\u0131n \u00e7al\u0131\u015f\u0131yoruz. \u00a0 Misyonumuz Dnzexpress.Com olarak, m\u00fc\u015fterilerimize h\u0131zl\u0131, g\u00fcvenli ve profesyonel kurye hizmetleri sunmay\u0131 misyon ediniyoruz. Teknolojiyi etkin kullanarak, her g\u00f6nderinin en verimli ve g\u00fcvenli \u015fekilde ula\u015fmas\u0131n\u0131 sa\u011fl\u0131yor, m\u00fc\u015fteri memnuniyetini en \u00fcst seviyeye \u00e7\u0131karmay\u0131 hedefliyoruz. S\u00fcrekli geli\u015fim anlay\u0131\u015f\u0131m\u0131zla, sekt\u00f6rdeki en iyi uygulamalar\u0131 benimsiyor ve kaliteli hizmet anlay\u0131\u015f\u0131m\u0131zla fark yarat\u0131yoruz. Hakk\u0131m\u0131zda Lorem Ipsum\u00a0is simply dumy text of the printing typesetting industry lorem ipsum.","og_url":"https:\/\/www.dnzexpress.com\/index.php\/about\/","og_site_name":"Dnz Express","article_modified_time":"2025-07-20T23:55:33+00:00","og_image":[{"url":"http:\/\/www.dnzexpress.com\/wp-content\/uploads\/2025\/07\/LOGO-DNZ.png","type":"","width":"","height":""}],"twitter_card":"summary_large_image","twitter_misc":{"Tahmini okuma s\u00fcresi":"1 dakika"},"schema":{"@context":"https:\/\/schema.org","@graph":[{"@type":"WebPage","@id":"https:\/\/www.dnzexpress.com\/index.php\/about\/","url":"https:\/\/www.dnzexpress.com\/index.php\/about\/","name":"About - Dnz Express","isPartOf":{"@id":"https:\/\/www.dnzexpress.com\/#website"},"primaryImageOfPage":{"@id":"https:\/\/www.dnzexpress.com\/index.php\/about\/#primaryimage"},"image":{"@id":"https:\/\/www.dnzexpress.com\/index.php\/about\/#primaryimage"},"thumbnailUrl":"http:\/\/www.dnzexpress.com\/wp-content\/uploads\/2025\/07\/LOGO-DNZ.png","datePublished":"2023-04-07T08:47:42+00:00","dateModified":"2025-07-20T23:55:33+00:00","breadcrumb":{"@id":"https:\/\/www.dnzexpress.com\/index.php\/about\/#breadcrumb"},"inLanguage":"tr","potentialAction":[{"@type":"ReadAction","target":["https:\/\/www.dnzexpress.com\/index.php\/about\/"]}]},{"@type":"ImageObject","inLanguage":"tr","@id":"https:\/\/www.dnzexpress.com\/index.php\/about\/#primaryimage","url":"https:\/\/www.dnzexpress.com\/wp-content\/uploads\/2025\/07\/LOGO-DNZ.png","contentUrl":"https:\/\/www.dnzexpress.com\/wp-content\/uploads\/2025\/07\/LOGO-DNZ.png","width":300,"height":100},{"@type":"BreadcrumbList","@id":"https:\/\/www.dnzexpress.com\/index.php\/about\/#breadcrumb","itemListElement":[{"@type":"ListItem","position":1,"name":"Anasayfa","item":"https:\/\/www.dnzexpress.com\/"},{"@type":"ListItem","position":2,"name":"About"}]},{"@type":"WebSite","@id":"https:\/\/www.dnzexpress.com\/#website","url":"https:\/\/www.dnzexpress.com\/","name":"Dnz Express","description":"Dnz Express","publisher":{"@id":"https:\/\/www.dnzexpress.com\/#organization"},"potentialAction":[{"@type":"SearchAction","target":{"@type":"EntryPoint","urlTemplate":"https:\/\/www.dnzexpress.com\/?s={search_term_string}"},"query-input":{"@type":"PropertyValueSpecification","valueRequired":true,"valueName":"search_term_string"}}],"inLanguage":"tr"},{"@type":"Organization","@id":"https:\/\/www.dnzexpress.com\/#organization","name":"Dnz Express","url":"https:\/\/www.dnzexpress.com\/","logo":{"@type":"ImageObject","inLanguage":"tr","@id":"https:\/\/www.dnzexpress.com\/#\/schema\/logo\/image\/","url":"http:\/\/www.dnzexpress.com\/wp-content\/uploads\/2024\/11\/kurye1.png","contentUrl":"http:\/\/www.dnzexpress.com\/wp-content\/uploads\/2024\/11\/kurye1.png","width":1024,"height":1024,"caption":"Dnz Express"},"image":{"@id":"https:\/\/www.dnzexpress.com\/#\/schema\/logo\/image\/"},"sameAs":["https:\/\/www.instagram.com\/dnzexpresskurye\/"]}]}},"acf":[],"_links":{"self":[{"href":"https:\/\/www.dnzexpress.com\/index.php\/wp-json\/wp\/v2\/pages\/8","targetHints":{"allow":["GET"]}}],"collection":[{"href":"https:\/\/www.dnzexpress.com\/index.php\/wp-json\/wp\/v2\/pages"}],"about":[{"href":"https:\/\/www.dnzexpress.com\/index.php\/wp-json\/wp\/v2\/types\/page"}],"author":[{"embeddable":true,"href":"https:\/\/www.dnzexpress.com\/index.php\/wp-json\/wp\/v2\/users\/1"}],"replies":[{"embeddable":true,"href":"https:\/\/www.dnzexpress.com\/index.php\/wp-json\/wp\/v2\/comments?post=8"}],"version-history":[{"count":9,"href":"https:\/\/www.dnzexpress.com\/index.php\/wp-json\/wp\/v2\/pages\/8\/revisions"}],"predecessor-version":[{"id":1268,"href":"https:\/\/www.dnzexpress.com\/index.php\/wp-json\/wp\/v2\/pages\/8\/revisions\/1268"}],"wp:attachment":[{"href":"https:\/\/www.dnzexpress.com\/index.php\/wp-json\/wp\/v2\/media?parent=8"}],"curies":[{"name":"wp","href":"https:\/\/api.w.org\/{rel}","templated":true}]}}